{"id":633,"date":"2021-04-30T16:01:46","date_gmt":"2021-04-30T15:01:46","guid":{"rendered":"https:\/\/vilte.se\/?page_id=633"},"modified":"2022-12-01T21:46:06","modified_gmt":"2022-12-01T20:46:06","slug":"vilte-2","status":"publish","type":"page","link":"https:\/\/vilte.se\/","title":{"rendered":"Vilte"},"content":{"rendered":"\n<h4 class=\"wp-block-heading\">Vilte \u00e4r ett litet bokf\u00f6rlag som drivs av Truls Nord.<\/h4>\n\n\n\n<div class=\"wp-block-columns is-layout-flex wp-container-core-columns-is-layout-9d6595d7 wp-block-columns-is-layout-flex\">\n<div class=\"wp-block-column is-layout-flow wp-block-column-is-layout-flow\">\n<figure class=\"wp-block-image size-large is-style-twentytwentyone-image-frame\"><a href=\"https:\/\/vilte.se\/?page_id=724\"><img loading=\"lazy\" decoding=\"async\" width=\"868\" height=\"1024\" src=\"https:\/\/vilte.se\/wp-content\/uploads\/2021\/04\/Sprang_oms_L-868x1024.jpg\" alt=\"\" class=\"wp-image-688\" srcset=\"https:\/\/vilte.se\/wp-content\/uploads\/2021\/04\/Sprang_oms_L-868x1024.jpg 868w, https:\/\/vilte.se\/wp-content\/uploads\/2021\/04\/Sprang_oms_L-254x300.jpg 254w, https:\/\/vilte.se\/wp-content\/uploads\/2021\/04\/Sprang_oms_L-768x906.jpg 768w, https:\/\/vilte.se\/wp-content\/uploads\/2021\/04\/Sprang_oms_L-1302x1536.jpg 1302w, https:\/\/vilte.se\/wp-content\/uploads\/2021\/04\/Sprang_oms_L-1736x2048.jpg 1736w, https:\/\/vilte.se\/wp-content\/uploads\/2021\/04\/Sprang_oms_L-1568x1850.jpg 1568w, https:\/\/vilte.se\/wp-content\/uploads\/2021\/04\/Sprang_oms_L.jpg 1902w\" sizes=\"auto, (max-width: 868px) 100vw, 868px\" \/><\/a><\/figure>\n\n\n\n<p><strong>Spr\u00e5ng<\/strong><br>Sissi Isenberg<\/p>\n<\/div>\n\n\n\n<div class=\"wp-block-column is-layout-flow wp-block-column-is-layout-flow\">\n<figure class=\"wp-block-image size-large\"><a href=\"https:\/\/vilte.se\/?page_id=520\"><img loading=\"lazy\" decoding=\"async\" width=\"637\" height=\"1024\" src=\"https:\/\/vilte.se\/wp-content\/uploads\/2016\/01\/VIND_omslag-637x1024.gif\" alt=\"\" class=\"wp-image-521\" srcset=\"https:\/\/vilte.se\/wp-content\/uploads\/2016\/01\/VIND_omslag-637x1024.gif 637w, https:\/\/vilte.se\/wp-content\/uploads\/2016\/01\/VIND_omslag-187x300.gif 187w\" sizes=\"auto, (max-width: 637px) 100vw, 637px\" \/><\/a><\/figure>\n\n\n\n<p><strong>Vind<\/strong><br>Bj\u00f6rn Skoghav<\/p>\n<\/div>\n\n\n\n<div class=\"wp-block-column is-layout-flow wp-block-column-is-layout-flow\">\n<figure class=\"wp-block-image size-large\"><a href=\"https:\/\/vilte.se\/?page_id=462\"><img loading=\"lazy\" decoding=\"async\" width=\"800\" height=\"1024\" src=\"https:\/\/vilte.se\/wp-content\/uploads\/2021\/04\/Vridmoment_cover_L-800x1024.jpg\" alt=\"\" class=\"wp-image-690\" srcset=\"https:\/\/vilte.se\/wp-content\/uploads\/2021\/04\/Vridmoment_cover_L-800x1024.jpg 800w, https:\/\/vilte.se\/wp-content\/uploads\/2021\/04\/Vridmoment_cover_L-234x300.jpg 234w, https:\/\/vilte.se\/wp-content\/uploads\/2021\/04\/Vridmoment_cover_L-768x983.jpg 768w, https:\/\/vilte.se\/wp-content\/uploads\/2021\/04\/Vridmoment_cover_L-1200x1536.jpg 1200w, https:\/\/vilte.se\/wp-content\/uploads\/2021\/04\/Vridmoment_cover_L-1600x2048.jpg 1600w, https:\/\/vilte.se\/wp-content\/uploads\/2021\/04\/Vridmoment_cover_L-1568x2007.jpg 1568w, https:\/\/vilte.se\/wp-content\/uploads\/2021\/04\/Vridmoment_cover_L.jpg 1772w\" sizes=\"auto, (max-width: 800px) 100vw, 800px\" \/><\/a><\/figure>\n\n\n\n<p><strong>Vridmoment<\/strong><br>Bj\u00f6rn Skoghav<br>&amp; Truls Nord<\/p>\n<\/div>\n<\/div>\n\n\n\n<hr class=\"wp-block-separator has-css-opacity\"\/>\n\n\n\n<div class=\"wp-block-columns is-layout-flex wp-container-core-columns-is-layout-9d6595d7 wp-block-columns-is-layout-flex\">\n<div class=\"wp-block-column is-layout-flow wp-block-column-is-layout-flow\">\n<figure class=\"wp-block-image size-large\"><a href=\"https:\/\/vilte.se\/?page_id=7\"><img loading=\"lazy\" decoding=\"async\" width=\"1024\" height=\"932\" src=\"https:\/\/vilte.se\/wp-content\/uploads\/2021\/04\/EtterFar_omslag_L-1024x932.jpg\" alt=\"\" class=\"wp-image-691\" srcset=\"https:\/\/vilte.se\/wp-content\/uploads\/2021\/04\/EtterFar_omslag_L-1024x932.jpg 1024w, https:\/\/vilte.se\/wp-content\/uploads\/2021\/04\/EtterFar_omslag_L-300x273.jpg 300w, https:\/\/vilte.se\/wp-content\/uploads\/2021\/04\/EtterFar_omslag_L-768x699.jpg 768w, https:\/\/vilte.se\/wp-content\/uploads\/2021\/04\/EtterFar_omslag_L-1536x1398.jpg 1536w, https:\/\/vilte.se\/wp-content\/uploads\/2021\/04\/EtterFar_omslag_L-2048x1865.jpg 2048w, https:\/\/vilte.se\/wp-content\/uploads\/2021\/04\/EtterFar_omslag_L-1568x1428.jpg 1568w\" sizes=\"auto, (max-width: 1024px) 100vw, 1024px\" \/><\/a><\/figure>\n\n\n\n<p><strong>Etter far<\/strong><br>Truls Nord<\/p>\n<\/div>\n\n\n\n<div class=\"wp-block-column is-layout-flow wp-block-column-is-layout-flow\">\n<figure class=\"wp-block-image size-large is-style-twentytwentyone-image-frame\"><a href=\"https:\/\/vilte.se\/?page_id=191\"><img loading=\"lazy\" decoding=\"async\" width=\"1024\" height=\"1024\" src=\"https:\/\/vilte.se\/wp-content\/uploads\/2021\/04\/Bark_omslag_L-1024x1024.jpg\" alt=\"\" class=\"wp-image-692\" srcset=\"https:\/\/vilte.se\/wp-content\/uploads\/2021\/04\/Bark_omslag_L-1024x1024.jpg 1024w, https:\/\/vilte.se\/wp-content\/uploads\/2021\/04\/Bark_omslag_L-300x300.jpg 300w, https:\/\/vilte.se\/wp-content\/uploads\/2021\/04\/Bark_omslag_L-150x150.jpg 150w, https:\/\/vilte.se\/wp-content\/uploads\/2021\/04\/Bark_omslag_L-768x768.jpg 768w, https:\/\/vilte.se\/wp-content\/uploads\/2021\/04\/Bark_omslag_L.jpg 1200w\" sizes=\"auto, (max-width: 1024px) 100vw, 1024px\" \/><\/a><\/figure>\n\n\n\n<p><strong>Bark<\/strong><br>Truls Nord<\/p>\n<\/div>\n\n\n\n<div class=\"wp-block-column is-layout-flow wp-block-column-is-layout-flow\">\n<figure class=\"wp-block-image size-large\"><a href=\"https:\/\/vilte.se\/?page_id=61\"><img loading=\"lazy\" decoding=\"async\" width=\"1024\" height=\"914\" src=\"https:\/\/vilte.se\/wp-content\/uploads\/2021\/04\/srsvsrs_omsl_L-1024x914.jpg\" alt=\"\" class=\"wp-image-693\" srcset=\"https:\/\/vilte.se\/wp-content\/uploads\/2021\/04\/srsvsrs_omsl_L-1024x914.jpg 1024w, https:\/\/vilte.se\/wp-content\/uploads\/2021\/04\/srsvsrs_omsl_L-300x268.jpg 300w, https:\/\/vilte.se\/wp-content\/uploads\/2021\/04\/srsvsrs_omsl_L-768x686.jpg 768w, https:\/\/vilte.se\/wp-content\/uploads\/2021\/04\/srsvsrs_omsl_L-1536x1371.jpg 1536w, https:\/\/vilte.se\/wp-content\/uploads\/2021\/04\/srsvsrs_omsl_L-2048x1829.jpg 2048w, https:\/\/vilte.se\/wp-content\/uploads\/2021\/04\/srsvsrs_omsl_L-1568x1400.jpg 1568w\" sizes=\"auto, (max-width: 1024px) 100vw, 1024px\" \/><\/a><\/figure>\n\n\n\n<p><strong>SRSVSRS<\/strong><br>Truls Nord<\/p>\n<\/div>\n<\/div>\n\n\n\n<hr class=\"wp-block-separator has-css-opacity\"\/>\n\n\n\n<div class=\"wp-block-columns is-layout-flex wp-container-core-columns-is-layout-9d6595d7 wp-block-columns-is-layout-flex\">\n<div class=\"wp-block-column is-layout-flow wp-block-column-is-layout-flow\">\n<figure class=\"wp-block-image size-large is-style-twentytwentyone-image-frame\"><a href=\"https:\/\/vilte.se\/?page_id=63\"><img loading=\"lazy\" decoding=\"async\" width=\"1024\" height=\"1024\" src=\"https:\/\/vilte.se\/wp-content\/uploads\/2021\/04\/hipsta_omsl_L-1024x1024.jpg\" alt=\"\" class=\"wp-image-694\" srcset=\"https:\/\/vilte.se\/wp-content\/uploads\/2021\/04\/hipsta_omsl_L-1024x1024.jpg 1024w, https:\/\/vilte.se\/wp-content\/uploads\/2021\/04\/hipsta_omsl_L-300x300.jpg 300w, https:\/\/vilte.se\/wp-content\/uploads\/2021\/04\/hipsta_omsl_L-150x150.jpg 150w, https:\/\/vilte.se\/wp-content\/uploads\/2021\/04\/hipsta_omsl_L-768x768.jpg 768w, https:\/\/vilte.se\/wp-content\/uploads\/2021\/04\/hipsta_omsl_L-1536x1536.jpg 1536w, https:\/\/vilte.se\/wp-content\/uploads\/2021\/04\/hipsta_omsl_L-2048x2048.jpg 2048w, https:\/\/vilte.se\/wp-content\/uploads\/2021\/04\/hipsta_omsl_L-1568x1568.jpg 1568w\" sizes=\"auto, (max-width: 1024px) 100vw, 1024px\" \/><\/a><\/figure>\n\n\n\n<p><strong>My Hipstamatic Year<\/strong><br>Truls Nord<\/p>\n<\/div>\n\n\n\n<div class=\"wp-block-column is-layout-flow wp-block-column-is-layout-flow\"><\/div>\n\n\n\n<div class=\"wp-block-column is-layout-flow wp-block-column-is-layout-flow\"><\/div>\n<\/div>\n","protected":false},"excerpt":{"rendered":"<p>Vilte \u00e4r ett litet bokf\u00f6rlag som drivs av Truls Nord. Spr\u00e5ngSissi Isenberg VindBj\u00f6rn Skoghav VridmomentBj\u00f6rn Skoghav&amp; Truls Nord Etter farTruls Nord BarkTruls Nord SRSVSRSTruls Nord My Hipstamatic YearTruls Nord<\/p>\n","protected":false},"author":1,"featured_media":0,"parent":0,"menu_order":0,"comment_status":"closed","ping_status":"closed","template":"","meta":{"footnotes":""},"class_list":["post-633","page","type-page","status-publish","hentry","entry"],"_links":{"self":[{"href":"https:\/\/vilte.se\/index.php?rest_route=\/wp\/v2\/pages\/633","targetHints":{"allow":["GET"]}}],"collection":[{"href":"https:\/\/vilte.se\/index.php?rest_route=\/wp\/v2\/pages"}],"about":[{"href":"https:\/\/vilte.se\/index.php?rest_route=\/wp\/v2\/types\/page"}],"author":[{"embeddable":true,"href":"https:\/\/vilte.se\/index.php?rest_route=\/wp\/v2\/users\/1"}],"replies":[{"embeddable":true,"href":"https:\/\/vilte.se\/index.php?rest_route=%2Fwp%2Fv2%2Fcomments&post=633"}],"version-history":[{"count":21,"href":"https:\/\/vilte.se\/index.php?rest_route=\/wp\/v2\/pages\/633\/revisions"}],"predecessor-version":[{"id":802,"href":"https:\/\/vilte.se\/index.php?rest_route=\/wp\/v2\/pages\/633\/revisions\/802"}],"wp:attachment":[{"href":"https:\/\/vilte.se\/index.php?rest_route=%2Fwp%2Fv2%2Fmedia&parent=633"}],"curies":[{"name":"wp","href":"https:\/\/api.w.org\/{rel}","templated":true}]}}