{"id":520,"date":"2016-01-12T14:41:43","date_gmt":"2016-01-12T13:41:43","guid":{"rendered":"http:\/\/vilte.se\/?page_id=520"},"modified":"2022-01-03T13:58:35","modified_gmt":"2022-01-03T12:58:35","slug":"vind","status":"publish","type":"page","link":"https:\/\/vilte.se\/?page_id=520","title":{"rendered":"Vind"},"content":{"rendered":"\n<figure class=\"wp-block-image size-large\"><a href=\"http:\/\/vilte.se\/wp-content\/uploads\/2016\/01\/VIND_omslag.gif\"><img loading=\"lazy\" decoding=\"async\" width=\"637\" height=\"1024\" src=\"https:\/\/vilte.se\/wp-content\/uploads\/2016\/01\/VIND_omslag-637x1024.gif\" alt=\"\" class=\"wp-image-521\" srcset=\"https:\/\/vilte.se\/wp-content\/uploads\/2016\/01\/VIND_omslag-637x1024.gif 637w, https:\/\/vilte.se\/wp-content\/uploads\/2016\/01\/VIND_omslag-187x300.gif 187w\" sizes=\"auto, (max-width: 637px) 100vw, 637px\" \/><\/a><\/figure>\n\n\n\n<p><strong>VIND<\/strong><br>2015<br>12 x 19 cm<br>Mjukt omslag<br>27 dikter och en novell<br>Text: Bj\u00f6rn Skoghav<br>Formgiving: Mia Erlandsson<br>Upplaga 100, signerade og numrerade<br>ISBN 978-91-981473-7-7<\/p>\n\n\n\n<hr class=\"wp-block-separator\"\/>\n\n\n\n<blockquote class=\"wp-block-quote is-layout-flow wp-block-quote-is-layout-flow\"><p>KOJAN<br>Jag har en boning inuti min hj\u00e4rna.<br>En koja.<br>Jag h\u00f6r hemma d\u00e4r.<br>Utanf\u00f6r den brukar jag sitta,<br>under hj\u00e4ssans himlavalv<br>och h\u00f6ra l\u00f6ven prassla i vinden.<\/p><\/blockquote>\n\n\n\n<hr class=\"wp-block-separator\"\/>\n\n\n\n<p>Best\u00e4ll ebok <a rel=\"noreferrer noopener\" href=\"https:\/\/webshop.publit.com\/sv\/webshop\/4659\" target=\"_blank\">h\u00e4r<\/a><br>Pris: 49 kr<\/p>\n\n\n\n<p>Best\u00e4ll tryckt bok <a href=\"mailto:contact@truls.se\" data-type=\"mailto\" data-id=\"mailto:contact@truls.se\">h\u00e4r<\/a><br>Pris: 95 kr + frakt<br><span style=\"line-height: 1.714285714; font-size: 1rem;\"><\/span><\/p>\n","protected":false},"excerpt":{"rendered":"<p>VIND201512 x 19 cmMjukt omslag27 dikter och en novellText: Bj\u00f6rn SkoghavFormgiving: Mia ErlandssonUpplaga 100, signerade og numreradeISBN 978-91-981473-7-7 KOJANJag har en boning inuti min hj\u00e4rna.En koja.Jag h\u00f6r hemma d\u00e4r.Utanf\u00f6r den brukar jag sitta,under hj\u00e4ssans himlavalvoch h\u00f6ra l\u00f6ven prassla i vinden. Best\u00e4ll ebok h\u00e4rPris: 49 kr Best\u00e4ll tryckt bok h\u00e4rPris: 95 kr + frakt<\/p>\n","protected":false},"author":1,"featured_media":0,"parent":0,"menu_order":0,"comment_status":"closed","ping_status":"closed","template":"","meta":{"footnotes":""},"class_list":["post-520","page","type-page","status-publish","hentry","entry"],"_links":{"self":[{"href":"https:\/\/vilte.se\/index.php?rest_route=\/wp\/v2\/pages\/520","targetHints":{"allow":["GET"]}}],"collection":[{"href":"https:\/\/vilte.se\/index.php?rest_route=\/wp\/v2\/pages"}],"about":[{"href":"https:\/\/vilte.se\/index.php?rest_route=\/wp\/v2\/types\/page"}],"author":[{"embeddable":true,"href":"https:\/\/vilte.se\/index.php?rest_route=\/wp\/v2\/users\/1"}],"replies":[{"embeddable":true,"href":"https:\/\/vilte.se\/index.php?rest_route=%2Fwp%2Fv2%2Fcomments&post=520"}],"version-history":[{"count":15,"href":"https:\/\/vilte.se\/index.php?rest_route=\/wp\/v2\/pages\/520\/revisions"}],"predecessor-version":[{"id":796,"href":"https:\/\/vilte.se\/index.php?rest_route=\/wp\/v2\/pages\/520\/revisions\/796"}],"wp:attachment":[{"href":"https:\/\/vilte.se\/index.php?rest_route=%2Fwp%2Fv2%2Fmedia&parent=520"}],"curies":[{"name":"wp","href":"https:\/\/api.w.org\/{rel}","templated":true}]}}