{"id":462,"date":"2014-11-26T16:36:00","date_gmt":"2014-11-26T15:36:00","guid":{"rendered":"http:\/\/vilte.se\/?page_id=462"},"modified":"2025-05-09T10:26:53","modified_gmt":"2025-05-09T09:26:53","slug":"vridmoment","status":"publish","type":"page","link":"https:\/\/vilte.se\/?page_id=462","title":{"rendered":"Vridmoment"},"content":{"rendered":"\n<figure class=\"wp-block-image size-large\"><img loading=\"lazy\" decoding=\"async\" width=\"800\" height=\"1024\" src=\"https:\/\/vilte.se\/wp-content\/uploads\/2021\/04\/Vridmoment_cover_L-800x1024.jpg\" alt=\"\" class=\"wp-image-690\" srcset=\"https:\/\/vilte.se\/wp-content\/uploads\/2021\/04\/Vridmoment_cover_L-800x1024.jpg 800w, https:\/\/vilte.se\/wp-content\/uploads\/2021\/04\/Vridmoment_cover_L-234x300.jpg 234w, https:\/\/vilte.se\/wp-content\/uploads\/2021\/04\/Vridmoment_cover_L-768x983.jpg 768w, https:\/\/vilte.se\/wp-content\/uploads\/2021\/04\/Vridmoment_cover_L-1200x1536.jpg 1200w, https:\/\/vilte.se\/wp-content\/uploads\/2021\/04\/Vridmoment_cover_L-1600x2048.jpg 1600w, https:\/\/vilte.se\/wp-content\/uploads\/2021\/04\/Vridmoment_cover_L-1568x2007.jpg 1568w, https:\/\/vilte.se\/wp-content\/uploads\/2021\/04\/Vridmoment_cover_L.jpg 1772w\" sizes=\"auto, (max-width: 800px) 100vw, 800px\" \/><\/figure>\n\n\n\n<p><strong>VRIDMOMENT<\/strong><br>2014<br>14,8 x 19,2 cm<br>Mjukt omslag<br>32 sider<br>Text: Bj\u00f6rn Skoghav<br>F\u00e4rgbilder: Bj\u00f6rn Skoghav<br>S\/V bilder: Truls Nord<br>Formgiving: Mia Erlandsson<br>Upplaga 100, signerade och numrerade<br>ISBN 978-91-981473-1-5<\/p>\n\n\n\n<hr class=\"wp-block-separator has-css-opacity\"\/>\n\n\n\n<blockquote class=\"wp-block-quote is-layout-flow wp-block-quote-is-layout-flow\">\n<p>Motorer drivs av d\u00f6da plankton.<br>Om man eldar h\u00e5rt p\u00e5 vissa berg<br>svettas dom.<\/p>\n<\/blockquote>\n\n\n\n<hr class=\"wp-block-separator has-css-opacity\"\/>\n\n\n\n<figure class=\"wp-block-gallery has-nested-images columns-default is-cropped wp-block-gallery-1 is-layout-flex wp-block-gallery-is-layout-flex\">\n<figure class=\"wp-block-image size-large\"><a href=\"https:\/\/vilte.se\/wp-content\/uploads\/2021\/04\/8_vridmoment_inlay_30_31.jpg\"><img loading=\"lazy\" decoding=\"async\" width=\"1024\" height=\"664\" data-id=\"681\" src=\"https:\/\/vilte.se\/wp-content\/uploads\/2021\/04\/8_vridmoment_inlay_30_31-1024x664.jpg\" alt=\"\" class=\"wp-image-681\" srcset=\"https:\/\/vilte.se\/wp-content\/uploads\/2021\/04\/8_vridmoment_inlay_30_31-1024x664.jpg 1024w, https:\/\/vilte.se\/wp-content\/uploads\/2021\/04\/8_vridmoment_inlay_30_31-300x195.jpg 300w, https:\/\/vilte.se\/wp-content\/uploads\/2021\/04\/8_vridmoment_inlay_30_31-768x498.jpg 768w, https:\/\/vilte.se\/wp-content\/uploads\/2021\/04\/8_vridmoment_inlay_30_31.jpg 1200w\" sizes=\"auto, (max-width: 1024px) 100vw, 1024px\" \/><\/a><\/figure>\n\n\n\n<figure class=\"wp-block-image size-large\"><a href=\"https:\/\/vilte.se\/wp-content\/uploads\/2021\/04\/7_vridmoment_inlay_26_27.jpg\"><img loading=\"lazy\" decoding=\"async\" width=\"1024\" height=\"664\" data-id=\"680\" src=\"https:\/\/vilte.se\/wp-content\/uploads\/2021\/04\/7_vridmoment_inlay_26_27-1024x664.jpg\" alt=\"\" class=\"wp-image-680\" srcset=\"https:\/\/vilte.se\/wp-content\/uploads\/2021\/04\/7_vridmoment_inlay_26_27-1024x664.jpg 1024w, https:\/\/vilte.se\/wp-content\/uploads\/2021\/04\/7_vridmoment_inlay_26_27-300x195.jpg 300w, https:\/\/vilte.se\/wp-content\/uploads\/2021\/04\/7_vridmoment_inlay_26_27-768x498.jpg 768w, https:\/\/vilte.se\/wp-content\/uploads\/2021\/04\/7_vridmoment_inlay_26_27.jpg 1200w\" sizes=\"auto, (max-width: 1024px) 100vw, 1024px\" \/><\/a><\/figure>\n\n\n\n<figure class=\"wp-block-image size-large\"><a href=\"https:\/\/vilte.se\/wp-content\/uploads\/2021\/04\/6_vridmoment_inlay_28_29.jpg\"><img loading=\"lazy\" decoding=\"async\" width=\"1024\" height=\"664\" data-id=\"679\" src=\"https:\/\/vilte.se\/wp-content\/uploads\/2021\/04\/6_vridmoment_inlay_28_29-1024x664.jpg\" alt=\"\" class=\"wp-image-679\" srcset=\"https:\/\/vilte.se\/wp-content\/uploads\/2021\/04\/6_vridmoment_inlay_28_29-1024x664.jpg 1024w, https:\/\/vilte.se\/wp-content\/uploads\/2021\/04\/6_vridmoment_inlay_28_29-300x195.jpg 300w, https:\/\/vilte.se\/wp-content\/uploads\/2021\/04\/6_vridmoment_inlay_28_29-768x498.jpg 768w, https:\/\/vilte.se\/wp-content\/uploads\/2021\/04\/6_vridmoment_inlay_28_29.jpg 1200w\" sizes=\"auto, (max-width: 1024px) 100vw, 1024px\" \/><\/a><\/figure>\n\n\n\n<figure class=\"wp-block-image size-large\"><a href=\"https:\/\/vilte.se\/wp-content\/uploads\/2021\/04\/4_vridmoment_inlay_18_19.jpg\"><img loading=\"lazy\" decoding=\"async\" width=\"1024\" height=\"664\" data-id=\"677\" src=\"https:\/\/vilte.se\/wp-content\/uploads\/2021\/04\/4_vridmoment_inlay_18_19-1024x664.jpg\" alt=\"\" class=\"wp-image-677\" srcset=\"https:\/\/vilte.se\/wp-content\/uploads\/2021\/04\/4_vridmoment_inlay_18_19-1024x664.jpg 1024w, https:\/\/vilte.se\/wp-content\/uploads\/2021\/04\/4_vridmoment_inlay_18_19-300x195.jpg 300w, https:\/\/vilte.se\/wp-content\/uploads\/2021\/04\/4_vridmoment_inlay_18_19-768x498.jpg 768w, https:\/\/vilte.se\/wp-content\/uploads\/2021\/04\/4_vridmoment_inlay_18_19.jpg 1200w\" sizes=\"auto, (max-width: 1024px) 100vw, 1024px\" \/><\/a><\/figure>\n\n\n\n<figure class=\"wp-block-image size-large\"><a href=\"https:\/\/vilte.se\/wp-content\/uploads\/2021\/04\/5_vridmoment_inlay_20_21.jpg\"><img loading=\"lazy\" decoding=\"async\" width=\"1024\" height=\"664\" data-id=\"678\" src=\"https:\/\/vilte.se\/wp-content\/uploads\/2021\/04\/5_vridmoment_inlay_20_21-1024x664.jpg\" alt=\"\" class=\"wp-image-678\" srcset=\"https:\/\/vilte.se\/wp-content\/uploads\/2021\/04\/5_vridmoment_inlay_20_21-1024x664.jpg 1024w, https:\/\/vilte.se\/wp-content\/uploads\/2021\/04\/5_vridmoment_inlay_20_21-300x195.jpg 300w, https:\/\/vilte.se\/wp-content\/uploads\/2021\/04\/5_vridmoment_inlay_20_21-768x498.jpg 768w, https:\/\/vilte.se\/wp-content\/uploads\/2021\/04\/5_vridmoment_inlay_20_21.jpg 1200w\" sizes=\"auto, (max-width: 1024px) 100vw, 1024px\" \/><\/a><\/figure>\n\n\n\n<figure class=\"wp-block-image size-large\"><a href=\"https:\/\/vilte.se\/wp-content\/uploads\/2021\/04\/2_vridmoment_inlay_4_5.jpg\"><img loading=\"lazy\" decoding=\"async\" width=\"1024\" height=\"664\" data-id=\"675\" src=\"https:\/\/vilte.se\/wp-content\/uploads\/2021\/04\/2_vridmoment_inlay_4_5-1024x664.jpg\" alt=\"\" class=\"wp-image-675\" srcset=\"https:\/\/vilte.se\/wp-content\/uploads\/2021\/04\/2_vridmoment_inlay_4_5-1024x664.jpg 1024w, https:\/\/vilte.se\/wp-content\/uploads\/2021\/04\/2_vridmoment_inlay_4_5-300x195.jpg 300w, https:\/\/vilte.se\/wp-content\/uploads\/2021\/04\/2_vridmoment_inlay_4_5-768x498.jpg 768w, https:\/\/vilte.se\/wp-content\/uploads\/2021\/04\/2_vridmoment_inlay_4_5.jpg 1200w\" sizes=\"auto, (max-width: 1024px) 100vw, 1024px\" \/><\/a><\/figure>\n\n\n\n<figure class=\"wp-block-image size-large\"><a href=\"https:\/\/vilte.se\/wp-content\/uploads\/2021\/04\/3_vridmoment_inlay_6_7.jpg\"><img loading=\"lazy\" decoding=\"async\" width=\"1024\" height=\"664\" data-id=\"676\" src=\"https:\/\/vilte.se\/wp-content\/uploads\/2021\/04\/3_vridmoment_inlay_6_7-1024x664.jpg\" alt=\"\" class=\"wp-image-676\" srcset=\"https:\/\/vilte.se\/wp-content\/uploads\/2021\/04\/3_vridmoment_inlay_6_7-1024x664.jpg 1024w, https:\/\/vilte.se\/wp-content\/uploads\/2021\/04\/3_vridmoment_inlay_6_7-300x195.jpg 300w, https:\/\/vilte.se\/wp-content\/uploads\/2021\/04\/3_vridmoment_inlay_6_7-768x498.jpg 768w, https:\/\/vilte.se\/wp-content\/uploads\/2021\/04\/3_vridmoment_inlay_6_7.jpg 1200w\" sizes=\"auto, (max-width: 1024px) 100vw, 1024px\" \/><\/a><\/figure>\n\n\n\n<figure class=\"wp-block-image size-large\"><a href=\"https:\/\/vilte.se\/wp-content\/uploads\/2021\/04\/1_vridmoment_inlay_2_3.jpg\"><img loading=\"lazy\" decoding=\"async\" width=\"1024\" height=\"664\" data-id=\"674\" src=\"https:\/\/vilte.se\/wp-content\/uploads\/2021\/04\/1_vridmoment_inlay_2_3-1024x664.jpg\" alt=\"\" class=\"wp-image-674\" srcset=\"https:\/\/vilte.se\/wp-content\/uploads\/2021\/04\/1_vridmoment_inlay_2_3-1024x664.jpg 1024w, https:\/\/vilte.se\/wp-content\/uploads\/2021\/04\/1_vridmoment_inlay_2_3-300x195.jpg 300w, https:\/\/vilte.se\/wp-content\/uploads\/2021\/04\/1_vridmoment_inlay_2_3-768x498.jpg 768w, https:\/\/vilte.se\/wp-content\/uploads\/2021\/04\/1_vridmoment_inlay_2_3.jpg 1200w\" sizes=\"auto, (max-width: 1024px) 100vw, 1024px\" \/><\/a><\/figure>\n<\/figure>\n\n\n\n<hr class=\"wp-block-separator has-css-opacity\"\/>\n\n\n\n<p>Best\u00e4ll ebok <a rel=\"noreferrer noopener\" href=\"https:\/\/webshop.publit.com\/sv\/webshop\/4659\" target=\"_blank\">h\u00e4r<\/a><br>Pris: 69 kr<\/p>\n\n\n\n<p>Best\u00e4ll tryckt bok <a href=\"mailto:contact@truls.se\" data-type=\"mailto\" data-id=\"mailto:contact@truls.se\">h\u00e4r<\/a><br>Pris: 100 kr<span style=\"line-height: 1.714285714; font-size: 1rem;\"><\/span><\/p>\n","protected":false},"excerpt":{"rendered":"<p>VRIDMOMENT201414,8 x 19,2 cmMjukt omslag32 siderText: Bj\u00f6rn SkoghavF\u00e4rgbilder: Bj\u00f6rn SkoghavS\/V bilder: Truls NordFormgiving: Mia ErlandssonUpplaga 100, signerade och numreradeISBN 978-91-981473-1-5 Motorer drivs av d\u00f6da plankton.Om man eldar h\u00e5rt p\u00e5 vissa bergsvettas dom. Best\u00e4ll ebok h\u00e4rPris: 69 kr Best\u00e4ll tryckt bok h\u00e4rPris: 100 kr<\/p>\n","protected":false},"author":1,"featured_media":0,"parent":0,"menu_order":0,"comment_status":"closed","ping_status":"closed","template":"","meta":{"footnotes":""},"class_list":["post-462","page","type-page","status-publish","hentry","entry"],"_links":{"self":[{"href":"https:\/\/vilte.se\/index.php?rest_route=\/wp\/v2\/pages\/462","targetHints":{"allow":["GET"]}}],"collection":[{"href":"https:\/\/vilte.se\/index.php?rest_route=\/wp\/v2\/pages"}],"about":[{"href":"https:\/\/vilte.se\/index.php?rest_route=\/wp\/v2\/types\/page"}],"author":[{"embeddable":true,"href":"https:\/\/vilte.se\/index.php?rest_route=\/wp\/v2\/users\/1"}],"replies":[{"embeddable":true,"href":"https:\/\/vilte.se\/index.php?rest_route=%2Fwp%2Fv2%2Fcomments&post=462"}],"version-history":[{"count":19,"href":"https:\/\/vilte.se\/index.php?rest_route=\/wp\/v2\/pages\/462\/revisions"}],"predecessor-version":[{"id":807,"href":"https:\/\/vilte.se\/index.php?rest_route=\/wp\/v2\/pages\/462\/revisions\/807"}],"wp:attachment":[{"href":"https:\/\/vilte.se\/index.php?rest_route=%2Fwp%2Fv2%2Fmedia&parent=462"}],"curies":[{"name":"wp","href":"https:\/\/api.w.org\/{rel}","templated":true}]}}